{"id":2766,"date":"2024-07-26T16:58:39","date_gmt":"2024-07-26T16:58:39","guid":{"rendered":"https:\/\/marbellosports.com\/?post_type=product&#038;p=2766"},"modified":"2024-12-11T16:48:23","modified_gmt":"2024-12-11T16:48:23","slug":"eclipse-12m","status":"publish","type":"product","link":"https:\/\/marbellosports.com\/pl\/produkt\/eclipse-12m\/","title":{"rendered":"Eclipse 12m"},"content":{"rendered":"<p>Bior\u0105c pod uwag\u0119, jak szybko ta struna pozwala graczowi uderza\u0107, jej potencja\u0142 do rotacji jest doskona\u0142y. Jest to idealne rozwi\u0105zanie dla zaawansowanego baselinera, kt\u00f3ry poszukuje maksymalnej kontroli, wytrzyma\u0142o\u015bci i rotacji przy powy\u017cej przeci\u0119tnym komforcie.<\/p>\n<p>Dla tego naci\u0105gu Marbello Lab u\u017cywa technologii Multi Heating, No-Move, Pre-Stretch, Tension Stability oraz Wax System.<br \/>\nMade in Austria<\/p>","protected":false},"excerpt":{"rendered":"<p>This polyester monofilament tennis string was engineered for professional tour players. Perfect at full swing. It guarantees sensational control and accurate play.<\/p>","protected":false},"featured_media":2770,"comment_status":"open","ping_status":"closed","template":"","meta":{"_acf_changed":false},"product_cat":[53],"product_tag":[],"class_list":{"0":"post-2766","1":"product","2":"type-product","3":"status-publish","4":"has-post-thumbnail","6":"product_cat-tennis-strings","8":"first","9":"instock","10":"shipping-taxable","11":"purchasable","12":"product-type-simple"},"acf":[],"_links":{"self":[{"href":"https:\/\/marbellosports.com\/pl\/wp-json\/wp\/v2\/product\/2766","targetHints":{"allow":["GET"]}}],"collection":[{"href":"https:\/\/marbellosports.com\/pl\/wp-json\/wp\/v2\/product"}],"about":[{"href":"https:\/\/marbellosports.com\/pl\/wp-json\/wp\/v2\/types\/product"}],"replies":[{"embeddable":true,"href":"https:\/\/marbellosports.com\/pl\/wp-json\/wp\/v2\/comments?post=2766"}],"wp:featuredmedia":[{"embeddable":true,"href":"https:\/\/marbellosports.com\/pl\/wp-json\/wp\/v2\/media\/2770"}],"wp:attachment":[{"href":"https:\/\/marbellosports.com\/pl\/wp-json\/wp\/v2\/media?parent=2766"}],"wp:term":[{"taxonomy":"product_cat","embeddable":true,"href":"https:\/\/marbellosports.com\/pl\/wp-json\/wp\/v2\/product_cat?post=2766"},{"taxonomy":"product_tag","embeddable":true,"href":"https:\/\/marbellosports.com\/pl\/wp-json\/wp\/v2\/product_tag?post=2766"}],"curies":[{"name":"wp","href":"https:\/\/api.w.org\/{rel}","templated":true}]}}