{"id":2756,"date":"2024-07-26T05:47:55","date_gmt":"2024-07-26T05:47:55","guid":{"rendered":"https:\/\/marbellosports.com\/?post_type=product&#038;p=2756"},"modified":"2024-12-11T16:49:48","modified_gmt":"2024-12-11T16:49:48","slug":"storm","status":"publish","type":"product","link":"https:\/\/marbellosports.com\/pl\/produkt\/storm\/","title":{"rendered":"Storm 200m"},"content":{"rendered":"<p>Idealny dla graczy poszukuj\u0105cych dynamicznej kombinacji rotacji i si\u0142y na korcie.<\/p>\n<p>Sze\u015bciok\u0105tny kszta\u0142t zwi\u0119ksza chwyt pi\u0142ki, umo\u017cliwiaj\u0105c graczom generowanie znacz\u0105cej rotacji, podczas gdy si\u0142a struny dodaje dodatkowego wzmocnienia uderzeniom.<\/p>\n<p>Made in Germany<\/p>","protected":false},"excerpt":{"rendered":"<p>This hexagonal polyester tennis string delivers impressive spin and power. The unique shape enhances ball grip for increased rotation, while the string\u2019s inherent power adds extra punch to shots.<\/p>","protected":false},"featured_media":2757,"comment_status":"open","ping_status":"closed","template":"","meta":{"_acf_changed":false},"product_cat":[53],"product_tag":[],"class_list":{"0":"post-2756","1":"product","2":"type-product","3":"status-publish","4":"has-post-thumbnail","6":"product_cat-tennis-strings","8":"first","9":"instock","10":"shipping-taxable","11":"purchasable","12":"product-type-simple"},"acf":[],"_links":{"self":[{"href":"https:\/\/marbellosports.com\/pl\/wp-json\/wp\/v2\/product\/2756","targetHints":{"allow":["GET"]}}],"collection":[{"href":"https:\/\/marbellosports.com\/pl\/wp-json\/wp\/v2\/product"}],"about":[{"href":"https:\/\/marbellosports.com\/pl\/wp-json\/wp\/v2\/types\/product"}],"replies":[{"embeddable":true,"href":"https:\/\/marbellosports.com\/pl\/wp-json\/wp\/v2\/comments?post=2756"}],"wp:featuredmedia":[{"embeddable":true,"href":"https:\/\/marbellosports.com\/pl\/wp-json\/wp\/v2\/media\/2757"}],"wp:attachment":[{"href":"https:\/\/marbellosports.com\/pl\/wp-json\/wp\/v2\/media?parent=2756"}],"wp:term":[{"taxonomy":"product_cat","embeddable":true,"href":"https:\/\/marbellosports.com\/pl\/wp-json\/wp\/v2\/product_cat?post=2756"},{"taxonomy":"product_tag","embeddable":true,"href":"https:\/\/marbellosports.com\/pl\/wp-json\/wp\/v2\/product_tag?post=2756"}],"curies":[{"name":"wp","href":"https:\/\/api.w.org\/{rel}","templated":true}]}}