{"id":2754,"date":"2024-07-26T05:45:48","date_gmt":"2024-07-26T05:45:48","guid":{"rendered":"https:\/\/marbellosports.com\/?post_type=product&#038;p=2754"},"modified":"2024-12-11T16:50:23","modified_gmt":"2024-12-11T16:50:23","slug":"blade","status":"publish","type":"product","link":"https:\/\/marbellosports.com\/pl\/produkt\/blade\/","title":{"rendered":"Blade 200m"},"content":{"rendered":"<p>Naci\u0105g tenisowy poliestrowy o sze\u015bciok\u0105tnym przekroju z kolekcji Pro Series. Doskona\u0142y dla zaawansowanych graczy i profesjonalist\u00f3w. Nadaje pi\u0142ce niesamowit\u0105 rotacj\u0119, co sprawia, \u017ce wydaje si\u0119, \u017ce pi\u0142ka pozostaje d\u0142u\u017cej na rakiecie.<\/p>","protected":false},"excerpt":{"rendered":"<p>Marbello Blade zapewnia wyj\u0105tkow\u0105 kontrol\u0119 i rotacj\u0119, znacz\u0105co zwi\u0119kszaj\u0105c precyzj\u0119 na korcie. Jego imponuj\u0105ce osi\u0105gi sprawiaj\u0105, \u017ce jest niezb\u0119dny dla graczy poszukuj\u0105cych doskona\u0142ej rotacji.<\/p>\n<p>Dla tego naci\u0105gu Marbello Lab u\u017cywa technologii Multi Heating, No-Move, Pre-Stretch, Tension Stability oraz Wax System.<\/p>\n<p>Made in Austria<\/p>","protected":false},"featured_media":2755,"comment_status":"open","ping_status":"closed","template":"","meta":{"_acf_changed":false},"product_cat":[53],"product_tag":[],"class_list":{"0":"post-2754","1":"product","2":"type-product","3":"status-publish","4":"has-post-thumbnail","6":"product_cat-tennis-strings","8":"first","9":"instock","10":"shipping-taxable","11":"purchasable","12":"product-type-simple"},"acf":[],"_links":{"self":[{"href":"https:\/\/marbellosports.com\/pl\/wp-json\/wp\/v2\/product\/2754","targetHints":{"allow":["GET"]}}],"collection":[{"href":"https:\/\/marbellosports.com\/pl\/wp-json\/wp\/v2\/product"}],"about":[{"href":"https:\/\/marbellosports.com\/pl\/wp-json\/wp\/v2\/types\/product"}],"replies":[{"embeddable":true,"href":"https:\/\/marbellosports.com\/pl\/wp-json\/wp\/v2\/comments?post=2754"}],"wp:featuredmedia":[{"embeddable":true,"href":"https:\/\/marbellosports.com\/pl\/wp-json\/wp\/v2\/media\/2755"}],"wp:attachment":[{"href":"https:\/\/marbellosports.com\/pl\/wp-json\/wp\/v2\/media?parent=2754"}],"wp:term":[{"taxonomy":"product_cat","embeddable":true,"href":"https:\/\/marbellosports.com\/pl\/wp-json\/wp\/v2\/product_cat?post=2754"},{"taxonomy":"product_tag","embeddable":true,"href":"https:\/\/marbellosports.com\/pl\/wp-json\/wp\/v2\/product_tag?post=2754"}],"curies":[{"name":"wp","href":"https:\/\/api.w.org\/{rel}","templated":true}]}}